{"id":126,"date":"2025-06-19T06:29:14","date_gmt":"2025-06-19T06:29:14","guid":{"rendered":"https:\/\/parroquiajuanyteresadeavila.es\/?page_id=126"},"modified":"2025-06-26T22:17:24","modified_gmt":"2025-06-26T22:17:24","slug":"sacramentos","status":"publish","type":"page","link":"https:\/\/parroquiajuanyteresadeavila.es\/?page_id=126","title":{"rendered":"Sacramentos"},"content":{"rendered":"\n<p>Los sacramentos son momentos divinos en nuestra vida cristiana. En ellos, Dios se hace cercano, derrama su gracia y nos impulsa a vivir como hermanos y hermanas en comunidad. En nuestra parroquia te acompa\u00f1amos con cercan\u00eda y alegr\u00eda en cada paso de tu camino de fe.<\/p>\n\n\n\n<hr class=\"wp-block-separator has-alpha-channel-opacity\"\/>\n\n\n\n<h2 class=\"wp-block-heading\">1.&nbsp;<strong>Bautismo<\/strong><\/h2>\n\n\n\n<p>El Bautismo es el inicio de tu vida en la Iglesia, signo de entrada a la familia de Dios.<br>Registraremos tu nombre entre los hijos e hijas de este mismo Padre.<br>\ud83d\udccc \u00bfDeseas bautizar a tu hijo(a) o recibirlo tu mismo(a)? Aqu\u00ed te explicamos todo lo que necesitas saber sobre requisitos, catequesis y fechas disponibles.<br>\ud83d\udc49\u00a0<a href=\"https:\/\/parroquiajuanyteresadeavila.es\/?page_id=137\">M\u00e1s informaci\u00f3n sobre el Bautismo<\/a><\/p>\n\n\n\n<hr class=\"wp-block-separator has-alpha-channel-opacity\"\/>\n\n\n\n<h3 class=\"wp-block-heading\">2.&nbsp;<strong>Primera Comuni\u00f3n<\/strong><\/h3>\n\n\n\n<p>Recibir\u00e1s por primera vez el Cuerpo de Cristo, alimento espiritual para tu vida.<br>Les preparamos con cari\u00f1o a los ni\u00f1os y ni\u00f1as, y tambi\u00e9n orientamos a los padres.<br>\ud83d\udccc Si est\u00e1s interesado, encontrar\u00e1s aqu\u00ed todo lo relativo a inscripciones, catequesis y celebraciones.<br>\ud83d\udc49\u00a0<a href=\"https:\/\/parroquiajuanyteresadeavila.es\/?page_id=140\">M\u00e1s informaci\u00f3n sobre la Primera Comuni\u00f3n<\/a><\/p>\n\n\n\n<hr class=\"wp-block-separator has-alpha-channel-opacity\"\/>\n\n\n\n<h3 class=\"wp-block-heading\">3.&nbsp;<strong>Confirmaci\u00f3n<\/strong><\/h3>\n\n\n\n<p>La Confirmaci\u00f3n fortalece tu fe y te env\u00eda a vivir el compromiso cristiano.<br>Ideal para j\u00f3venes y adultos que desean un acompa\u00f1amiento maduro de su experiencia de fe.<br>\ud83d\udccc Aqu\u00ed te explicamos c\u00f3mo iniciar el proceso, los encuentros, y las fechas previstas.<br>\ud83d\udc49\u00a0<a href=\"https:\/\/parroquiajuanyteresadeavila.es\/?page_id=142\">M\u00e1s informaci\u00f3n sobre la Confirmaci\u00f3n<\/a><\/p>\n\n\n\n<hr class=\"wp-block-separator has-alpha-channel-opacity\"\/>\n\n\n\n<h3 class=\"wp-block-heading\">4.&nbsp;<strong>Penitencia \/ Unci\u00f3n de los enfermos<\/strong><\/h3>\n\n\n\n<p>Dios nos ofrece perd\u00f3n y consuelo a trav\u00e9s de la Confesi\u00f3n y la Unci\u00f3n.<br>Un encuentro personal con su misericordia y sanaci\u00f3n.<br>\ud83d\udccc Si necesitas preparar tu confesi\u00f3n o solicitar la unci\u00f3n, ac\u00e9rcate por la sacrist\u00eda<\/p>\n\n\n\n<hr class=\"wp-block-separator has-alpha-channel-opacity\"\/>\n\n\n\n<h3 class=\"wp-block-heading\">5.&nbsp;<strong>Matrimonio<\/strong><\/h3>\n\n\n\n<p>El sacramento del Amor sagrado entre un hombre y una mujer.<br>Requiere un acompa\u00f1amiento que abarca preparaci\u00f3n, espiritualidad y celebraci\u00f3n comunitaria.<br>\ud83d\udccc Aqu\u00ed encontrar\u00e1s todos los pasos para casarte en nuestra parroquia, fechas disponibles y gu\u00eda para el proceso.<br>\ud83d\udc49\u00a0<a href=\"https:\/\/parroquiajuanyteresadeavila.es\/?page_id=146\">M\u00e1s informaci\u00f3n sobre el Matrimonio<\/a><\/p>\n\n\n\n<hr class=\"wp-block-separator has-alpha-channel-opacity\"\/>\n\n\n\n<h3 class=\"wp-block-heading\">\ud83e\udded \u00bfNecesitas orientaci\u00f3n personalizada?<\/h3>\n\n\n\n<p>No est\u00e1s solo: estamos aqu\u00ed para escucharte y acompa\u00f1arte.<br>\ud83d\udc49\u00a0<a href=\"https:\/\/tidycal.com\/parroquiadesanjuandeavila\/despacho\">Solicita una cita en el despacho parroquial<\/a>\u00a0o escr\u00edbenos para ayudarte en lo que necesites.<\/p>\n\n\n\n<hr class=\"wp-block-separator has-alpha-channel-opacity\"\/>\n\n\n\n<h3 class=\"wp-block-heading\">\ud83d\udcac \u00bfY despu\u00e9s?<\/h3>\n\n\n\n<p>Una vez recibido el sacramento, forma parte activa de nuestra comunidad: acomp\u00e1\u00f1anos en grupo, participa en celebraciones y deja que la gracia del Esp\u00edritu te transforme.<\/p>\n","protected":false},"excerpt":{"rendered":"<p>Los sacramentos son momentos divinos en nuestra vida cristiana. En ellos, Dios se hace cercano, derrama su gracia y nos impulsa a vivir como hermanos y hermanas en comunidad. En nuestra parroquia te acompa\u00f1amos con cercan\u00eda y alegr\u00eda en cada paso de tu camino de fe. 1.&nbsp;Bautismo El Bautismo es el inicio de tu vida [&hellip;]<\/p>\n","protected":false},"author":2,"featured_media":0,"parent":0,"menu_order":0,"comment_status":"closed","ping_status":"closed","template":"","meta":{"footnotes":""},"class_list":["post-126","page","type-page","status-publish","hentry"],"yoast_head":"<!-- This site is optimized with the Yoast SEO plugin v25.9 - https:\/\/yoast.com\/wordpress\/plugins\/seo\/ -->\n<title>Sacramentos - Parroquia de San Juan de \u00c1vila y Santa Teresa de Jes\u00fas<\/title>\n<meta name=\"robots\" content=\"index, follow, max-snippet:-1, max-image-preview:large, max-video-preview:-1\" \/>\n<link rel=\"canonical\" href=\"https:\/\/parroquiajuanyteresadeavila.es\/?page_id=126\" \/>\n<meta property=\"og:locale\" content=\"es_ES\" \/>\n<meta property=\"og:type\" content=\"article\" \/>\n<meta property=\"og:title\" content=\"Sacramentos - Parroquia de San Juan de \u00c1vila y Santa Teresa de Jes\u00fas\" \/>\n<meta property=\"og:description\" content=\"Los sacramentos son momentos divinos en nuestra vida cristiana. En ellos, Dios se hace cercano, derrama su gracia y nos impulsa a vivir como hermanos y hermanas en comunidad. En nuestra parroquia te acompa\u00f1amos con cercan\u00eda y alegr\u00eda en cada paso de tu camino de fe. 1.&nbsp;Bautismo El Bautismo es el inicio de tu vida [&hellip;]\" \/>\n<meta property=\"og:url\" content=\"https:\/\/parroquiajuanyteresadeavila.es\/?page_id=126\" \/>\n<meta property=\"og:site_name\" content=\"Parroquia de San Juan de \u00c1vila y Santa Teresa de Jes\u00fas\" \/>\n<meta property=\"article:publisher\" content=\"https:\/\/www.facebook.com\/profile.php?id=61576048888953\" \/>\n<meta property=\"article:modified_time\" content=\"2025-06-26T22:17:24+00:00\" \/>\n<meta name=\"twitter:card\" content=\"summary_large_image\" \/>\n<meta name=\"twitter:label1\" content=\"Tiempo de lectura\" \/>\n\t<meta name=\"twitter:data1\" content=\"2 minutos\" \/>\n<script type=\"application\/ld+json\" class=\"yoast-schema-graph\">{\"@context\":\"https:\/\/schema.org\",\"@graph\":[{\"@type\":\"WebPage\",\"@id\":\"https:\/\/parroquiajuanyteresadeavila.es\/?page_id=126\",\"url\":\"https:\/\/parroquiajuanyteresadeavila.es\/?page_id=126\",\"name\":\"Sacramentos - Parroquia de San Juan de \u00c1vila y Santa Teresa de Jes\u00fas\",\"isPartOf\":{\"@id\":\"https:\/\/parroquiajuanyteresadeavila.es\/#website\"},\"datePublished\":\"2025-06-19T06:29:14+00:00\",\"dateModified\":\"2025-06-26T22:17:24+00:00\",\"breadcrumb\":{\"@id\":\"https:\/\/parroquiajuanyteresadeavila.es\/?page_id=126#breadcrumb\"},\"inLanguage\":\"es\",\"potentialAction\":[{\"@type\":\"ReadAction\",\"target\":[\"https:\/\/parroquiajuanyteresadeavila.es\/?page_id=126\"]}]},{\"@type\":\"BreadcrumbList\",\"@id\":\"https:\/\/parroquiajuanyteresadeavila.es\/?page_id=126#breadcrumb\",\"itemListElement\":[{\"@type\":\"ListItem\",\"position\":1,\"name\":\"Portada\",\"item\":\"https:\/\/parroquiajuanyteresadeavila.es\/\"},{\"@type\":\"ListItem\",\"position\":2,\"name\":\"Sacramentos\"}]},{\"@type\":\"WebSite\",\"@id\":\"https:\/\/parroquiajuanyteresadeavila.es\/#website\",\"url\":\"https:\/\/parroquiajuanyteresadeavila.es\/\",\"name\":\"Parroquia de San Juan de \u00c1vila y Santa Teresa de Jes\u00fas\",\"description\":\"Parroquia de Las Fuentes en Zaragoza\",\"publisher\":{\"@id\":\"https:\/\/parroquiajuanyteresadeavila.es\/#organization\"},\"potentialAction\":[{\"@type\":\"SearchAction\",\"target\":{\"@type\":\"EntryPoint\",\"urlTemplate\":\"https:\/\/parroquiajuanyteresadeavila.es\/?s={search_term_string}\"},\"query-input\":{\"@type\":\"PropertyValueSpecification\",\"valueRequired\":true,\"valueName\":\"search_term_string\"}}],\"inLanguage\":\"es\"},{\"@type\":\"Organization\",\"@id\":\"https:\/\/parroquiajuanyteresadeavila.es\/#organization\",\"name\":\"Parroquia de San Juan de \u00c1vila y Santa Teresa de Jes\u00fas\",\"url\":\"https:\/\/parroquiajuanyteresadeavila.es\/\",\"logo\":{\"@type\":\"ImageObject\",\"inLanguage\":\"es\",\"@id\":\"https:\/\/parroquiajuanyteresadeavila.es\/#\/schema\/logo\/image\/\",\"url\":\"https:\/\/parroquiajuanyteresadeavila.es\/wp-content\/uploads\/2025\/06\/PHOTO-2025-05-13-11-39-43.jpg\",\"contentUrl\":\"https:\/\/parroquiajuanyteresadeavila.es\/wp-content\/uploads\/2025\/06\/PHOTO-2025-05-13-11-39-43.jpg\",\"width\":945,\"height\":928,\"caption\":\"Parroquia de San Juan de \u00c1vila y Santa Teresa de Jes\u00fas\"},\"image\":{\"@id\":\"https:\/\/parroquiajuanyteresadeavila.es\/#\/schema\/logo\/image\/\"},\"sameAs\":[\"https:\/\/www.facebook.com\/profile.php?id=61576048888953\"]}]}<\/script>\n<!-- \/ Yoast SEO plugin. -->","yoast_head_json":{"title":"Sacramentos - Parroquia de San Juan de \u00c1vila y Santa Teresa de Jes\u00fas","robots":{"index":"index","follow":"follow","max-snippet":"max-snippet:-1","max-image-preview":"max-image-preview:large","max-video-preview":"max-video-preview:-1"},"canonical":"https:\/\/parroquiajuanyteresadeavila.es\/?page_id=126","og_locale":"es_ES","og_type":"article","og_title":"Sacramentos - Parroquia de San Juan de \u00c1vila y Santa Teresa de Jes\u00fas","og_description":"Los sacramentos son momentos divinos en nuestra vida cristiana. En ellos, Dios se hace cercano, derrama su gracia y nos impulsa a vivir como hermanos y hermanas en comunidad. En nuestra parroquia te acompa\u00f1amos con cercan\u00eda y alegr\u00eda en cada paso de tu camino de fe. 1.&nbsp;Bautismo El Bautismo es el inicio de tu vida [&hellip;]","og_url":"https:\/\/parroquiajuanyteresadeavila.es\/?page_id=126","og_site_name":"Parroquia de San Juan de \u00c1vila y Santa Teresa de Jes\u00fas","article_publisher":"https:\/\/www.facebook.com\/profile.php?id=61576048888953","article_modified_time":"2025-06-26T22:17:24+00:00","twitter_card":"summary_large_image","twitter_misc":{"Tiempo de lectura":"2 minutos"},"schema":{"@context":"https:\/\/schema.org","@graph":[{"@type":"WebPage","@id":"https:\/\/parroquiajuanyteresadeavila.es\/?page_id=126","url":"https:\/\/parroquiajuanyteresadeavila.es\/?page_id=126","name":"Sacramentos - Parroquia de San Juan de \u00c1vila y Santa Teresa de Jes\u00fas","isPartOf":{"@id":"https:\/\/parroquiajuanyteresadeavila.es\/#website"},"datePublished":"2025-06-19T06:29:14+00:00","dateModified":"2025-06-26T22:17:24+00:00","breadcrumb":{"@id":"https:\/\/parroquiajuanyteresadeavila.es\/?page_id=126#breadcrumb"},"inLanguage":"es","potentialAction":[{"@type":"ReadAction","target":["https:\/\/parroquiajuanyteresadeavila.es\/?page_id=126"]}]},{"@type":"BreadcrumbList","@id":"https:\/\/parroquiajuanyteresadeavila.es\/?page_id=126#breadcrumb","itemListElement":[{"@type":"ListItem","position":1,"name":"Portada","item":"https:\/\/parroquiajuanyteresadeavila.es\/"},{"@type":"ListItem","position":2,"name":"Sacramentos"}]},{"@type":"WebSite","@id":"https:\/\/parroquiajuanyteresadeavila.es\/#website","url":"https:\/\/parroquiajuanyteresadeavila.es\/","name":"Parroquia de San Juan de \u00c1vila y Santa Teresa de Jes\u00fas","description":"Parroquia de Las Fuentes en Zaragoza","publisher":{"@id":"https:\/\/parroquiajuanyteresadeavila.es\/#organization"},"potentialAction":[{"@type":"SearchAction","target":{"@type":"EntryPoint","urlTemplate":"https:\/\/parroquiajuanyteresadeavila.es\/?s={search_term_string}"},"query-input":{"@type":"PropertyValueSpecification","valueRequired":true,"valueName":"search_term_string"}}],"inLanguage":"es"},{"@type":"Organization","@id":"https:\/\/parroquiajuanyteresadeavila.es\/#organization","name":"Parroquia de San Juan de \u00c1vila y Santa Teresa de Jes\u00fas","url":"https:\/\/parroquiajuanyteresadeavila.es\/","logo":{"@type":"ImageObject","inLanguage":"es","@id":"https:\/\/parroquiajuanyteresadeavila.es\/#\/schema\/logo\/image\/","url":"https:\/\/parroquiajuanyteresadeavila.es\/wp-content\/uploads\/2025\/06\/PHOTO-2025-05-13-11-39-43.jpg","contentUrl":"https:\/\/parroquiajuanyteresadeavila.es\/wp-content\/uploads\/2025\/06\/PHOTO-2025-05-13-11-39-43.jpg","width":945,"height":928,"caption":"Parroquia de San Juan de \u00c1vila y Santa Teresa de Jes\u00fas"},"image":{"@id":"https:\/\/parroquiajuanyteresadeavila.es\/#\/schema\/logo\/image\/"},"sameAs":["https:\/\/www.facebook.com\/profile.php?id=61576048888953"]}]}},"_links":{"self":[{"href":"https:\/\/parroquiajuanyteresadeavila.es\/index.php?rest_route=\/wp\/v2\/pages\/126","targetHints":{"allow":["GET"]}}],"collection":[{"href":"https:\/\/parroquiajuanyteresadeavila.es\/index.php?rest_route=\/wp\/v2\/pages"}],"about":[{"href":"https:\/\/parroquiajuanyteresadeavila.es\/index.php?rest_route=\/wp\/v2\/types\/page"}],"author":[{"embeddable":true,"href":"https:\/\/parroquiajuanyteresadeavila.es\/index.php?rest_route=\/wp\/v2\/users\/2"}],"replies":[{"embeddable":true,"href":"https:\/\/parroquiajuanyteresadeavila.es\/index.php?rest_route=%2Fwp%2Fv2%2Fcomments&post=126"}],"version-history":[{"count":3,"href":"https:\/\/parroquiajuanyteresadeavila.es\/index.php?rest_route=\/wp\/v2\/pages\/126\/revisions"}],"predecessor-version":[{"id":188,"href":"https:\/\/parroquiajuanyteresadeavila.es\/index.php?rest_route=\/wp\/v2\/pages\/126\/revisions\/188"}],"wp:attachment":[{"href":"https:\/\/parroquiajuanyteresadeavila.es\/index.php?rest_route=%2Fwp%2Fv2%2Fmedia&parent=126"}],"curies":[{"name":"wp","href":"https:\/\/api.w.org\/{rel}","templated":true}]}}