{"id":2,"date":"2025-06-12T13:04:41","date_gmt":"2025-06-12T13:04:41","guid":{"rendered":"https:\/\/parroquiajuanyteresadeavila.es\/?page_id=2"},"modified":"2025-06-16T21:00:11","modified_gmt":"2025-06-16T21:00:11","slug":"sample-page","status":"publish","type":"page","link":"https:\/\/parroquiajuanyteresadeavila.es\/?page_id=2","title":{"rendered":"\u00bfQui\u00e9nes somos?"},"content":{"rendered":"\n<p>Bienvenidos a la Parroquia San Juan de \u00c1vila y Santa Teresa de Jes\u00fas<\/p>\n\n\n\n<p>Nuestra parroquia es una comunidad viva, sencilla y abierta, situada en el coraz\u00f3n del barrio de Las Fuentes, en Zaragoza. Desde hace m\u00e1s de cincuenta a\u00f1os, somos hogar espiritual, punto de encuentro y espacio de servicio para muchas personas y familias que buscan vivir su fe en comunidad.<\/p>\n\n\n\n<p>Inspirados por nuestros patronos, san Juan de \u00c1vila \u2014maestro de evangelizadores\u2014 y santa Teresa de Jes\u00fas \u2014maestra de oraci\u00f3n y vida interior\u2014, queremos ser una Iglesia cercana, que acompa\u00f1a, celebra y anuncia el Evangelio con alegr\u00eda, especialmente entre los m\u00e1s peque\u00f1os, los mayores, las personas con discapacidad y quienes m\u00e1s lo necesitan.<\/p>\n\n\n\n<p>La parroquia acoge a diario a muchas personas: ni\u00f1os y ni\u00f1as que se preparan para recibir los sacramentos, j\u00f3venes que se forman y conviven, adultos que profundizan en su fe, familias que celebran y comparten la vida, y una comunidad que reza, trabaja y camina unida.<\/p>\n\n\n\n<p>Aqu\u00ed encontrar\u00e1s una casa donde orar, celebrar, formarte y servir. Porque creemos que la fe se vive en comunidad y que cada persona tiene un lugar \u00fanico en la Iglesia. Te invitamos a conocernos, participar, y formar parte de esta gran familia parroquial.<\/p>\n\n\n\n<p><strong>\u00a1Bienvenido! \u00a1Contamos contigo!<\/strong><\/p>\n\n\n\n<div class=\"wp-block-columns is-layout-flex wp-container-core-columns-is-layout-28f84493 wp-block-columns-is-layout-flex\">\n<div class=\"wp-block-column is-layout-flow wp-block-column-is-layout-flow\">\n<div class=\"wp-block-group alignfull has-text-color has-background is-layout-flow wp-block-group-is-layout-flow\" style=\"color:#000000;background-color:#ffffff\">\n<p class=\"has-text-align-center has-small-font-size\" style=\"line-height:.9\"><\/p>\n\n\n\n<h2 class=\"wp-block-heading has-text-align-center\" id=\"schedule-a-visit\" style=\"font-size:59px;line-height:1.15\"><strong>Nuestros horarios<\/strong><\/h2>\n\n\n\n<div class=\"wp-block-buttons is-horizontal is-content-justification-center is-layout-flex wp-container-core-buttons-is-layout-03627597 wp-block-buttons-is-layout-flex\">\n<div class=\"wp-block-button has-custom-width wp-block-button__width-50\"><a class=\"wp-block-button__link has-text-color has-background wp-element-button\" href=\"https:\/\/parroquiajuanyteresadeavila.es\/?page_id=77\" style=\"border-radius:50px;color:#ffffff;background-color:#000000\">Leer m\u00e1s<\/a><\/div>\n<\/div>\n<\/div>\n<\/div>\n\n\n\n<div class=\"wp-block-column is-layout-flow wp-block-column-is-layout-flow\">\n<div class=\"wp-block-group alignfull has-text-color has-background is-layout-flow wp-block-group-is-layout-flow\" style=\"color:#000000;background-color:#ffffff\">\n<p class=\"has-text-align-center has-small-font-size\" style=\"line-height:.9\"><\/p>\n\n\n\n<h2 class=\"wp-block-heading has-text-align-center\" id=\"schedule-a-visit\" style=\"font-size:59px;line-height:1.15\"><strong>Saludo del p\u00e1rroco<\/strong><\/h2>\n\n\n\n<div class=\"wp-block-buttons is-horizontal is-content-justification-center is-layout-flex wp-container-core-buttons-is-layout-03627597 wp-block-buttons-is-layout-flex\">\n<div class=\"wp-block-button has-custom-width wp-block-button__width-50\"><a class=\"wp-block-button__link has-text-color has-background wp-element-button\" href=\"https:\/\/parroquiajuanyteresadeavila.es\/?page_id=63\" style=\"border-radius:50px;color:#ffffff;background-color:#000000\">Leer m\u00e1s<\/a><\/div>\n<\/div>\n<\/div>\n<\/div>\n\n\n\n<div class=\"wp-block-column is-layout-flow wp-block-column-is-layout-flow\">\n<div class=\"wp-block-group alignfull has-text-color has-background is-layout-flow wp-block-group-is-layout-flow\" style=\"color:#000000;background-color:#ffffff\">\n<p class=\"has-text-align-center has-small-font-size\" style=\"line-height:.9\"><\/p>\n\n\n\n<h2 class=\"wp-block-heading has-text-align-center\" id=\"schedule-a-visit\" style=\"font-size:59px;line-height:1.15\"><strong>Ponte en contacto<\/strong><\/h2>\n\n\n\n<div class=\"wp-block-buttons is-horizontal is-content-justification-center is-layout-flex wp-container-core-buttons-is-layout-03627597 wp-block-buttons-is-layout-flex\">\n<div class=\"wp-block-button has-custom-width wp-block-button__width-50\"><a class=\"wp-block-button__link has-text-color has-background wp-element-button\" href=\"https:\/\/parroquiajuanyteresadeavila.es\/?page_id=41\" style=\"border-radius:50px;color:#ffffff;background-color:#000000\">Contacto<\/a><\/div>\n<\/div>\n<\/div>\n<\/div>\n<\/div>\n\n\n\n<div class=\"wp-block-group has-global-padding is-layout-constrained wp-container-core-group-is-layout-cb9ef7e8 wp-block-group-is-layout-constrained\" style=\"margin-top:0;margin-bottom:0;padding-top:60px;padding-right:20px;padding-bottom:60px;padding-left:20px\">\n<div class=\"wp-block-group alignwide is-layout-flow wp-block-group-is-layout-flow\">\n<div class=\"wp-block-group has-global-padding is-layout-constrained wp-block-group-is-layout-constrained\">\n<div class=\"wp-block-group is-content-justification-center is-nowrap is-layout-flex wp-container-core-group-is-layout-23441af8 wp-block-group-is-layout-flex\">\n<div class=\"wp-block-group has-primary-background-color has-background has-global-padding is-layout-constrained wp-container-core-group-is-layout-de49b84d wp-block-group-is-layout-constrained\" style=\"border-radius:40px;padding-top:10px;padding-right:25px;padding-bottom:10px;padding-left:25px\">\n<h4 class=\"wp-block-heading has-white-color has-text-color has-link-color wp-elements-8790ee90e9d09c7669ddbc757a327257\" style=\"font-size:15px;font-style:normal;font-weight:400;letter-spacing:2px;text-transform:uppercase\">\u00bfQuieres conocer m\u00e1s?<\/h4>\n<\/div>\n<\/div>\n\n\n\n<h2 class=\"wp-block-heading has-text-align-center has-section-title-font-size\" style=\"margin-top:var(--wp--preset--spacing--30)\">Te recomendamos que visites estas secciones<\/h2>\n<\/div>\n\n\n\n<div style=\"height:20px\" aria-hidden=\"true\" class=\"wp-block-spacer\"><\/div>\n\n\n\n<div class=\"wp-block-columns is-layout-flex wp-container-core-columns-is-layout-28f84493 wp-block-columns-is-layout-flex\">\n<div class=\"wp-block-column is-layout-flow wp-block-column-is-layout-flow\">\n<div class=\"wp-block-group has-shadow has-global-padding is-layout-constrained wp-container-core-group-is-layout-2795876c wp-block-group-is-layout-constrained\" style=\"border-radius:8px;padding-top:22px;padding-right:22px;padding-bottom:22px;padding-left:22px\">\n<div class=\"wp-block-group is-content-justification-center is-nowrap is-layout-flex wp-container-core-group-is-layout-23441af8 wp-block-group-is-layout-flex\">\n<div class=\"wp-block-columns is-layout-flex wp-container-core-columns-is-layout-28f84493 wp-block-columns-is-layout-flex\">\n<div class=\"wp-block-column is-layout-flow wp-block-column-is-layout-flow\" style=\"flex-basis:80px\">\n<div class=\"wp-block-group has-primary-background-color has-background has-global-padding is-layout-constrained wp-container-core-group-is-layout-52009084 wp-block-group-is-layout-constrained\" style=\"border-radius:5px;padding-top:var(--wp--preset--spacing--40);padding-right:var(--wp--preset--spacing--40);padding-bottom:var(--wp--preset--spacing--40);padding-left:var(--wp--preset--spacing--40)\">\n<figure class=\"wp-block-image size-full\"><a href=\"https:\/\/parroquiajuanyteresadeavila.es\/?page_id=43\"><img decoding=\"async\" src=\"https:\/\/parroquiajuanyteresadeavila.es\/wp-content\/themes\/cathedral\/images\/chapel.png\" alt=\"\" class=\"wp-image-66\"\/><\/a><\/figure>\n<\/div>\n<\/div>\n<\/div>\n<\/div>\n\n\n\n<div class=\"wp-block-group has-global-padding is-layout-constrained wp-block-group-is-layout-constrained\" style=\"margin-top:var(--wp--preset--spacing--60);margin-bottom:0;padding-top:0\">\n<h4 class=\"wp-block-heading has-text-align-center\">Nuestros grupos<\/h4>\n\n\n\n<p class=\"has-text-align-center\" style=\"margin-top:var(--wp--preset--spacing--40)\">Descubre donde puedes participar y colaborar para seguir construyendo nuestra parroquia. Sin ti, no ser\u00e1 igual!<\/p>\n\n\n\n<div class=\"wp-block-group is-content-justification-center is-nowrap is-layout-flex wp-container-core-group-is-layout-23441af8 wp-block-group-is-layout-flex\">\n<div class=\"wp-block-group has-primary-background-color has-background has-global-padding is-layout-constrained wp-container-core-group-is-layout-594587f7 wp-block-group-is-layout-constrained\" style=\"border-radius:20px;padding-top:var(--wp--preset--spacing--20);padding-right:var(--wp--preset--spacing--30);padding-bottom:var(--wp--preset--spacing--20);padding-left:var(--wp--preset--spacing--30)\">\n<p class=\"has-white-color has-text-color has-link-color wp-elements-cb56d4cf290b82d796427a27ec038b0a\"><a href=\"https:\/\/parroquiajuanyteresadeavila.es\/?page_id=43\">&gt;&gt;<\/a><\/p>\n<\/div>\n<\/div>\n<\/div>\n<\/div>\n<\/div>\n\n\n\n<div class=\"wp-block-column is-layout-flow wp-block-column-is-layout-flow\">\n<div class=\"wp-block-group has-shadow has-global-padding is-layout-constrained wp-container-core-group-is-layout-2795876c wp-block-group-is-layout-constrained\" style=\"border-radius:8px;padding-top:22px;padding-right:22px;padding-bottom:22px;padding-left:22px\">\n<div class=\"wp-block-group is-content-justification-center is-nowrap is-layout-flex wp-container-core-group-is-layout-23441af8 wp-block-group-is-layout-flex\">\n<div class=\"wp-block-columns is-layout-flex wp-container-core-columns-is-layout-28f84493 wp-block-columns-is-layout-flex\">\n<div class=\"wp-block-column is-layout-flow wp-block-column-is-layout-flow\" style=\"flex-basis:80px\">\n<div class=\"wp-block-group has-primary-background-color has-background has-global-padding is-layout-constrained wp-container-core-group-is-layout-52009084 wp-block-group-is-layout-constrained\" style=\"border-radius:5px;padding-top:var(--wp--preset--spacing--40);padding-right:var(--wp--preset--spacing--40);padding-bottom:var(--wp--preset--spacing--40);padding-left:var(--wp--preset--spacing--40)\">\n<figure class=\"wp-block-image size-full\"><a href=\"https:\/\/parroquiajuanyteresadeavila.es\/?page_id=59\"><img decoding=\"async\" src=\"https:\/\/parroquiajuanyteresadeavila.es\/wp-content\/themes\/cathedral\/images\/haze.png\" alt=\"\" class=\"wp-image-81\"\/><\/a><\/figure>\n<\/div>\n<\/div>\n<\/div>\n<\/div>\n\n\n\n<div class=\"wp-block-group has-global-padding is-layout-constrained wp-block-group-is-layout-constrained\" style=\"margin-top:var(--wp--preset--spacing--60);margin-bottom:0;padding-top:0\">\n<h4 class=\"wp-block-heading has-text-align-center\">Nuestra historia<\/h4>\n\n\n\n<p class=\"has-text-align-center\" style=\"margin-top:var(--wp--preset--spacing--40)\">Descubre c\u00f3mo hemos llegado a ser lo que somos hoy, gracias a la participaci\u00f3n de muchas personas como t\u00fa<\/p>\n\n\n\n<div class=\"wp-block-group is-content-justification-center is-nowrap is-layout-flex wp-container-core-group-is-layout-23441af8 wp-block-group-is-layout-flex\">\n<div class=\"wp-block-group has-primary-background-color has-background has-global-padding is-layout-constrained wp-container-core-group-is-layout-594587f7 wp-block-group-is-layout-constrained\" style=\"border-radius:20px;padding-top:var(--wp--preset--spacing--20);padding-right:var(--wp--preset--spacing--30);padding-bottom:var(--wp--preset--spacing--20);padding-left:var(--wp--preset--spacing--30)\">\n<p class=\"has-white-color has-text-color has-link-color wp-elements-812979869df21e5c083da254c2ad3f88\"><a href=\"https:\/\/parroquiajuanyteresadeavila.es\/?page_id=59\">&gt;&gt;<\/a><\/p>\n<\/div>\n<\/div>\n<\/div>\n<\/div>\n<\/div>\n\n\n\n<div class=\"wp-block-column is-layout-flow wp-block-column-is-layout-flow\">\n<div class=\"wp-block-group has-shadow has-global-padding is-layout-constrained wp-container-core-group-is-layout-2795876c wp-block-group-is-layout-constrained\" style=\"border-radius:8px;padding-top:22px;padding-right:22px;padding-bottom:22px;padding-left:22px\">\n<div class=\"wp-block-group is-content-justification-center is-nowrap is-layout-flex wp-container-core-group-is-layout-23441af8 wp-block-group-is-layout-flex\">\n<div class=\"wp-block-columns is-layout-flex wp-container-core-columns-is-layout-28f84493 wp-block-columns-is-layout-flex\">\n<div class=\"wp-block-column is-layout-flow wp-block-column-is-layout-flow\" style=\"flex-basis:80px\">\n<div class=\"wp-block-group has-primary-background-color has-background has-global-padding is-layout-constrained wp-container-core-group-is-layout-52009084 wp-block-group-is-layout-constrained\" style=\"border-radius:5px;padding-top:var(--wp--preset--spacing--40);padding-right:var(--wp--preset--spacing--40);padding-bottom:var(--wp--preset--spacing--40);padding-left:var(--wp--preset--spacing--40)\">\n<figure class=\"wp-block-image size-full\"><a href=\"https:\/\/parroquiajuanyteresadeavila.es\/?page_id=39\"><img decoding=\"async\" src=\"https:\/\/parroquiajuanyteresadeavila.es\/wp-content\/themes\/cathedral\/images\/bible.png\" alt=\"\" class=\"wp-image-82\"\/><\/a><\/figure>\n<\/div>\n<\/div>\n<\/div>\n<\/div>\n\n\n\n<div class=\"wp-block-group has-global-padding is-layout-constrained wp-block-group-is-layout-constrained\" style=\"margin-top:var(--wp--preset--spacing--60);margin-bottom:0;padding-top:0\">\n<h4 class=\"wp-block-heading has-text-align-center\">Nuestro despacho<\/h4>\n\n\n\n<p class=\"has-text-align-center\" style=\"margin-top:var(--wp--preset--spacing--40)\">Nuestra versi\u00f3n online del despacho quiere estar abierto 24 h para resolver tus dudas y ayudarte en tus gestiones<\/p>\n\n\n\n<div class=\"wp-block-group is-content-justification-center is-nowrap is-layout-flex wp-container-core-group-is-layout-23441af8 wp-block-group-is-layout-flex\">\n<div class=\"wp-block-group has-primary-background-color has-background has-global-padding is-layout-constrained wp-container-core-group-is-layout-594587f7 wp-block-group-is-layout-constrained\" style=\"border-radius:20px;padding-top:var(--wp--preset--spacing--20);padding-right:var(--wp--preset--spacing--30);padding-bottom:var(--wp--preset--spacing--20);padding-left:var(--wp--preset--spacing--30)\">\n<p class=\"has-white-color has-text-color has-link-color wp-elements-bbf9a757f407a854ebff8049a4e3931e\"><a href=\"https:\/\/parroquiajuanyteresadeavila.es\/?page_id=39\" data-type=\"page\" data-id=\"39\">&gt;&gt;<\/a><\/p>\n<\/div>\n<\/div>\n<\/div>\n<\/div>\n<\/div>\n<\/div>\n<\/div>\n<\/div>\n","protected":false},"excerpt":{"rendered":"<p>Bienvenidos a la Parroquia San Juan de \u00c1vila y Santa Teresa de Jes\u00fas Nuestra parroquia es una comunidad viva, sencilla y abierta, situada en el coraz\u00f3n del barrio de Las Fuentes, en Zaragoza. Desde hace m\u00e1s de cincuenta a\u00f1os, somos hogar espiritual, punto de encuentro y espacio de servicio para muchas personas y familias que [&hellip;]<\/p>\n","protected":false},"author":1,"featured_media":0,"parent":0,"menu_order":0,"comment_status":"closed","ping_status":"open","template":"","meta":{"footnotes":""},"class_list":["post-2","page","type-page","status-publish","hentry"],"yoast_head":"<!-- This site is optimized with the Yoast SEO plugin v25.9 - https:\/\/yoast.com\/wordpress\/plugins\/seo\/ -->\n<title>\u00bfQui\u00e9nes somos? - Parroquia de San Juan de \u00c1vila y Santa Teresa de Jes\u00fas<\/title>\n<meta name=\"robots\" content=\"index, follow, max-snippet:-1, max-image-preview:large, max-video-preview:-1\" \/>\n<link rel=\"canonical\" href=\"https:\/\/parroquiajuanyteresadeavila.es\/?page_id=2\" \/>\n<meta property=\"og:locale\" content=\"es_ES\" \/>\n<meta property=\"og:type\" content=\"article\" \/>\n<meta property=\"og:title\" content=\"\u00bfQui\u00e9nes somos? - Parroquia de San Juan de \u00c1vila y Santa Teresa de Jes\u00fas\" \/>\n<meta property=\"og:description\" content=\"Bienvenidos a la Parroquia San Juan de \u00c1vila y Santa Teresa de Jes\u00fas Nuestra parroquia es una comunidad viva, sencilla y abierta, situada en el coraz\u00f3n del barrio de Las Fuentes, en Zaragoza. Desde hace m\u00e1s de cincuenta a\u00f1os, somos hogar espiritual, punto de encuentro y espacio de servicio para muchas personas y familias que [&hellip;]\" \/>\n<meta property=\"og:url\" content=\"https:\/\/parroquiajuanyteresadeavila.es\/?page_id=2\" \/>\n<meta property=\"og:site_name\" content=\"Parroquia de San Juan de \u00c1vila y Santa Teresa de Jes\u00fas\" \/>\n<meta property=\"article:publisher\" content=\"https:\/\/www.facebook.com\/profile.php?id=61576048888953\" \/>\n<meta property=\"article:modified_time\" content=\"2025-06-16T21:00:11+00:00\" \/>\n<meta property=\"og:image\" content=\"https:\/\/parroquiajuanyteresadeavila.es\/wp-content\/themes\/cathedral\/images\/chapel.png\" \/>\n<meta name=\"twitter:card\" content=\"summary_large_image\" \/>\n<meta name=\"twitter:label1\" content=\"Tiempo de lectura\" \/>\n\t<meta name=\"twitter:data1\" content=\"2 minutos\" \/>\n<script type=\"application\/ld+json\" class=\"yoast-schema-graph\">{\"@context\":\"https:\/\/schema.org\",\"@graph\":[{\"@type\":\"WebPage\",\"@id\":\"https:\/\/parroquiajuanyteresadeavila.es\/?page_id=2\",\"url\":\"https:\/\/parroquiajuanyteresadeavila.es\/?page_id=2\",\"name\":\"\u00bfQui\u00e9nes somos? - Parroquia de San Juan de \u00c1vila y Santa Teresa de Jes\u00fas\",\"isPartOf\":{\"@id\":\"https:\/\/parroquiajuanyteresadeavila.es\/#website\"},\"primaryImageOfPage\":{\"@id\":\"https:\/\/parroquiajuanyteresadeavila.es\/?page_id=2#primaryimage\"},\"image\":{\"@id\":\"https:\/\/parroquiajuanyteresadeavila.es\/?page_id=2#primaryimage\"},\"thumbnailUrl\":\"https:\/\/parroquiajuanyteresadeavila.es\/wp-content\/themes\/cathedral\/images\/chapel.png\",\"datePublished\":\"2025-06-12T13:04:41+00:00\",\"dateModified\":\"2025-06-16T21:00:11+00:00\",\"breadcrumb\":{\"@id\":\"https:\/\/parroquiajuanyteresadeavila.es\/?page_id=2#breadcrumb\"},\"inLanguage\":\"es\",\"potentialAction\":[{\"@type\":\"ReadAction\",\"target\":[\"https:\/\/parroquiajuanyteresadeavila.es\/?page_id=2\"]}]},{\"@type\":\"ImageObject\",\"inLanguage\":\"es\",\"@id\":\"https:\/\/parroquiajuanyteresadeavila.es\/?page_id=2#primaryimage\",\"url\":\"\",\"contentUrl\":\"\"},{\"@type\":\"BreadcrumbList\",\"@id\":\"https:\/\/parroquiajuanyteresadeavila.es\/?page_id=2#breadcrumb\",\"itemListElement\":[{\"@type\":\"ListItem\",\"position\":1,\"name\":\"Portada\",\"item\":\"https:\/\/parroquiajuanyteresadeavila.es\/\"},{\"@type\":\"ListItem\",\"position\":2,\"name\":\"\u00bfQui\u00e9nes somos?\"}]},{\"@type\":\"WebSite\",\"@id\":\"https:\/\/parroquiajuanyteresadeavila.es\/#website\",\"url\":\"https:\/\/parroquiajuanyteresadeavila.es\/\",\"name\":\"Parroquia de San Juan de \u00c1vila y Santa Teresa de Jes\u00fas\",\"description\":\"Parroquia de Las Fuentes en Zaragoza\",\"publisher\":{\"@id\":\"https:\/\/parroquiajuanyteresadeavila.es\/#organization\"},\"potentialAction\":[{\"@type\":\"SearchAction\",\"target\":{\"@type\":\"EntryPoint\",\"urlTemplate\":\"https:\/\/parroquiajuanyteresadeavila.es\/?s={search_term_string}\"},\"query-input\":{\"@type\":\"PropertyValueSpecification\",\"valueRequired\":true,\"valueName\":\"search_term_string\"}}],\"inLanguage\":\"es\"},{\"@type\":\"Organization\",\"@id\":\"https:\/\/parroquiajuanyteresadeavila.es\/#organization\",\"name\":\"Parroquia de San Juan de \u00c1vila y Santa Teresa de Jes\u00fas\",\"url\":\"https:\/\/parroquiajuanyteresadeavila.es\/\",\"logo\":{\"@type\":\"ImageObject\",\"inLanguage\":\"es\",\"@id\":\"https:\/\/parroquiajuanyteresadeavila.es\/#\/schema\/logo\/image\/\",\"url\":\"https:\/\/parroquiajuanyteresadeavila.es\/wp-content\/uploads\/2025\/06\/PHOTO-2025-05-13-11-39-43.jpg\",\"contentUrl\":\"https:\/\/parroquiajuanyteresadeavila.es\/wp-content\/uploads\/2025\/06\/PHOTO-2025-05-13-11-39-43.jpg\",\"width\":945,\"height\":928,\"caption\":\"Parroquia de San Juan de \u00c1vila y Santa Teresa de Jes\u00fas\"},\"image\":{\"@id\":\"https:\/\/parroquiajuanyteresadeavila.es\/#\/schema\/logo\/image\/\"},\"sameAs\":[\"https:\/\/www.facebook.com\/profile.php?id=61576048888953\"]}]}<\/script>\n<!-- \/ Yoast SEO plugin. -->","yoast_head_json":{"title":"\u00bfQui\u00e9nes somos? - Parroquia de San Juan de \u00c1vila y Santa Teresa de Jes\u00fas","robots":{"index":"index","follow":"follow","max-snippet":"max-snippet:-1","max-image-preview":"max-image-preview:large","max-video-preview":"max-video-preview:-1"},"canonical":"https:\/\/parroquiajuanyteresadeavila.es\/?page_id=2","og_locale":"es_ES","og_type":"article","og_title":"\u00bfQui\u00e9nes somos? - Parroquia de San Juan de \u00c1vila y Santa Teresa de Jes\u00fas","og_description":"Bienvenidos a la Parroquia San Juan de \u00c1vila y Santa Teresa de Jes\u00fas Nuestra parroquia es una comunidad viva, sencilla y abierta, situada en el coraz\u00f3n del barrio de Las Fuentes, en Zaragoza. Desde hace m\u00e1s de cincuenta a\u00f1os, somos hogar espiritual, punto de encuentro y espacio de servicio para muchas personas y familias que [&hellip;]","og_url":"https:\/\/parroquiajuanyteresadeavila.es\/?page_id=2","og_site_name":"Parroquia de San Juan de \u00c1vila y Santa Teresa de Jes\u00fas","article_publisher":"https:\/\/www.facebook.com\/profile.php?id=61576048888953","article_modified_time":"2025-06-16T21:00:11+00:00","og_image":[{"url":"https:\/\/parroquiajuanyteresadeavila.es\/wp-content\/themes\/cathedral\/images\/chapel.png","type":"","width":"","height":""}],"twitter_card":"summary_large_image","twitter_misc":{"Tiempo de lectura":"2 minutos"},"schema":{"@context":"https:\/\/schema.org","@graph":[{"@type":"WebPage","@id":"https:\/\/parroquiajuanyteresadeavila.es\/?page_id=2","url":"https:\/\/parroquiajuanyteresadeavila.es\/?page_id=2","name":"\u00bfQui\u00e9nes somos? - Parroquia de San Juan de \u00c1vila y Santa Teresa de Jes\u00fas","isPartOf":{"@id":"https:\/\/parroquiajuanyteresadeavila.es\/#website"},"primaryImageOfPage":{"@id":"https:\/\/parroquiajuanyteresadeavila.es\/?page_id=2#primaryimage"},"image":{"@id":"https:\/\/parroquiajuanyteresadeavila.es\/?page_id=2#primaryimage"},"thumbnailUrl":"https:\/\/parroquiajuanyteresadeavila.es\/wp-content\/themes\/cathedral\/images\/chapel.png","datePublished":"2025-06-12T13:04:41+00:00","dateModified":"2025-06-16T21:00:11+00:00","breadcrumb":{"@id":"https:\/\/parroquiajuanyteresadeavila.es\/?page_id=2#breadcrumb"},"inLanguage":"es","potentialAction":[{"@type":"ReadAction","target":["https:\/\/parroquiajuanyteresadeavila.es\/?page_id=2"]}]},{"@type":"ImageObject","inLanguage":"es","@id":"https:\/\/parroquiajuanyteresadeavila.es\/?page_id=2#primaryimage","url":"","contentUrl":""},{"@type":"BreadcrumbList","@id":"https:\/\/parroquiajuanyteresadeavila.es\/?page_id=2#breadcrumb","itemListElement":[{"@type":"ListItem","position":1,"name":"Portada","item":"https:\/\/parroquiajuanyteresadeavila.es\/"},{"@type":"ListItem","position":2,"name":"\u00bfQui\u00e9nes somos?"}]},{"@type":"WebSite","@id":"https:\/\/parroquiajuanyteresadeavila.es\/#website","url":"https:\/\/parroquiajuanyteresadeavila.es\/","name":"Parroquia de San Juan de \u00c1vila y Santa Teresa de Jes\u00fas","description":"Parroquia de Las Fuentes en Zaragoza","publisher":{"@id":"https:\/\/parroquiajuanyteresadeavila.es\/#organization"},"potentialAction":[{"@type":"SearchAction","target":{"@type":"EntryPoint","urlTemplate":"https:\/\/parroquiajuanyteresadeavila.es\/?s={search_term_string}"},"query-input":{"@type":"PropertyValueSpecification","valueRequired":true,"valueName":"search_term_string"}}],"inLanguage":"es"},{"@type":"Organization","@id":"https:\/\/parroquiajuanyteresadeavila.es\/#organization","name":"Parroquia de San Juan de \u00c1vila y Santa Teresa de Jes\u00fas","url":"https:\/\/parroquiajuanyteresadeavila.es\/","logo":{"@type":"ImageObject","inLanguage":"es","@id":"https:\/\/parroquiajuanyteresadeavila.es\/#\/schema\/logo\/image\/","url":"https:\/\/parroquiajuanyteresadeavila.es\/wp-content\/uploads\/2025\/06\/PHOTO-2025-05-13-11-39-43.jpg","contentUrl":"https:\/\/parroquiajuanyteresadeavila.es\/wp-content\/uploads\/2025\/06\/PHOTO-2025-05-13-11-39-43.jpg","width":945,"height":928,"caption":"Parroquia de San Juan de \u00c1vila y Santa Teresa de Jes\u00fas"},"image":{"@id":"https:\/\/parroquiajuanyteresadeavila.es\/#\/schema\/logo\/image\/"},"sameAs":["https:\/\/www.facebook.com\/profile.php?id=61576048888953"]}]}},"_links":{"self":[{"href":"https:\/\/parroquiajuanyteresadeavila.es\/index.php?rest_route=\/wp\/v2\/pages\/2","targetHints":{"allow":["GET"]}}],"collection":[{"href":"https:\/\/parroquiajuanyteresadeavila.es\/index.php?rest_route=\/wp\/v2\/pages"}],"about":[{"href":"https:\/\/parroquiajuanyteresadeavila.es\/index.php?rest_route=\/wp\/v2\/types\/page"}],"author":[{"embeddable":true,"href":"https:\/\/parroquiajuanyteresadeavila.es\/index.php?rest_route=\/wp\/v2\/users\/1"}],"replies":[{"embeddable":true,"href":"https:\/\/parroquiajuanyteresadeavila.es\/index.php?rest_route=%2Fwp%2Fv2%2Fcomments&post=2"}],"version-history":[{"count":6,"href":"https:\/\/parroquiajuanyteresadeavila.es\/index.php?rest_route=\/wp\/v2\/pages\/2\/revisions"}],"predecessor-version":[{"id":79,"href":"https:\/\/parroquiajuanyteresadeavila.es\/index.php?rest_route=\/wp\/v2\/pages\/2\/revisions\/79"}],"wp:attachment":[{"href":"https:\/\/parroquiajuanyteresadeavila.es\/index.php?rest_route=%2Fwp%2Fv2%2Fmedia&parent=2"}],"curies":[{"name":"wp","href":"https:\/\/api.w.org\/{rel}","templated":true}]}}