{"id":45,"date":"2025-06-16T11:11:56","date_gmt":"2025-06-16T11:11:56","guid":{"rendered":"https:\/\/parroquiajuanyteresadeavila.es\/?page_id=45"},"modified":"2025-06-25T22:24:36","modified_gmt":"2025-06-25T22:24:36","slug":"colabora","status":"publish","type":"page","link":"https:\/\/parroquiajuanyteresadeavila.es\/?page_id=45","title":{"rendered":"Colabora"},"content":{"rendered":"\n<p><\/p>\n\n\n\n<div class=\"wp-block-group is-layout-flow wp-block-group-is-layout-flow\" style=\"margin-top:0px\">\n<div class=\"wp-block-columns is-layout-flex wp-container-core-columns-is-layout-28f84493 wp-block-columns-is-layout-flex\">\n<div class=\"wp-block-column is-layout-flow wp-block-column-is-layout-flow\">\n<h2 class=\"wp-block-heading\">Colabora econ\u00f3micamente con tu parroquia <\/h2>\n\n\n\n<p>La comunidad sostiene a la comunidad. Muchas aportaciones de poca cantidad hace que sigamos adelante con nuestra tarea. Adem\u00e1s, puedes obtener numerosos beneficios fiscales como puedes observar en la imagen de la izquierda.<\/p>\n\n\n\n<p>Puedes hacerlo por tres medios:<\/p>\n\n\n\n<ul class=\"wp-block-list\">\n<li>Entregando un donativo en efectivo tanto en la sacrist\u00eda como en el despacho parroquial. <\/li>\n\n\n\n<li>Haciendo un donativo mediante transferencia bancaria. <\/li>\n\n\n\n<li>Realizarlo mediante el portal <a href=\"https:\/\/www.donoamiiglesia.es\/san\/Home#!\/donar\/031d58ca-ed3e-e611-80e8-005056b101e1\"><em>Dono a mi<\/em> <em>Iglesia. <\/em><\/a><\/li>\n<\/ul>\n\n\n\n<p>\u00a1\u00a1Gracias por tu generosidad!!<\/p>\n\n\n\n<figure class=\"wp-block-image size-full\"><img loading=\"lazy\" decoding=\"async\" width=\"1024\" height=\"1024\" src=\"https:\/\/parroquiajuanyteresadeavila.es\/wp-content\/uploads\/2025\/06\/ChatGPT-Image-25-jun-2025-23_30_08-1.png\" alt=\"\" class=\"wp-image-167\" srcset=\"https:\/\/parroquiajuanyteresadeavila.es\/wp-content\/uploads\/2025\/06\/ChatGPT-Image-25-jun-2025-23_30_08-1.png 1024w, https:\/\/parroquiajuanyteresadeavila.es\/wp-content\/uploads\/2025\/06\/ChatGPT-Image-25-jun-2025-23_30_08-1-300x300.png 300w, https:\/\/parroquiajuanyteresadeavila.es\/wp-content\/uploads\/2025\/06\/ChatGPT-Image-25-jun-2025-23_30_08-1-150x150.png 150w, https:\/\/parroquiajuanyteresadeavila.es\/wp-content\/uploads\/2025\/06\/ChatGPT-Image-25-jun-2025-23_30_08-1-768x768.png 768w\" sizes=\"auto, (max-width: 1024px) 100vw, 1024px\" \/><\/figure>\n<\/div>\n\n\n\n<div class=\"wp-block-column is-layout-flow wp-block-column-is-layout-flow\">\n<h2 class=\"wp-block-heading\">\u00danete a nuestros grupos parroquiales<\/h2>\n\n\n\n<p>Juntos formamos la comunidad cristiana, en diferentes grupos, en diferentes tareas, con diferentes formas de vivir el servicio y la disponibilidad.<\/p>\n\n\n\n<div style=\"max-width: 600px; margin: auto;\"><script async src=\"https:\/\/api.mailbluster.com\/v1\/forms\/af8f7b2e-9c4b-429c-a274-231a40090035.js\" data-form=\"af8f7b2e-9c4b-429c-a274-231a40090035\"><\/script><\/div>\n<\/div>\n<\/div>\n\n\n\n<div class=\"wp-block-cover alignfull\" style=\"padding-top:20px;padding-right:20px;padding-bottom:20px;padding-left:20px;min-height:399px;aspect-ratio:unset;\"><img decoding=\"async\" class=\"wp-block-cover__image-background wp-image-595\" alt=\"\" src=\"https:\/\/parroquiajuanyteresadeavila.es\/wp-content\/themes\/cathedral\/images\/slider.jpg\" data-object-fit=\"cover\"\/><span aria-hidden=\"true\" class=\"wp-block-cover__background has-black-background-color has-background-dim-60 has-background-dim\"><\/span><div class=\"wp-block-cover__inner-container is-layout-flow wp-block-cover-is-layout-flow\">\n<div class=\"wp-block-group alignwide has-global-padding is-layout-constrained wp-block-group-is-layout-constrained\">\n<div class=\"wp-block-group is-layout-flow wp-block-group-is-layout-flow\">\n<div class=\"wp-block-group alignwide pos-relative is-layout-flow wp-block-group-is-layout-flow\">\n<div class=\"wp-block-group is-content-justification-center is-nowrap is-layout-flex wp-container-core-group-is-layout-23441af8 wp-block-group-is-layout-flex\">\n<div class=\"wp-block-group has-primary-background-color has-background has-global-padding is-layout-constrained wp-container-core-group-is-layout-de49b84d wp-block-group-is-layout-constrained\" style=\"border-radius:40px;padding-top:10px;padding-right:25px;padding-bottom:10px;padding-left:25px\">\n<h4 class=\"wp-block-heading has-text-align-left has-white-color has-text-color\" style=\"margin-bottom:0px;font-size:15px;font-style:normal;font-weight:400;letter-spacing:1px;text-transform:uppercase\">#JUANYTERESADEAVILAZGZ<\/h4>\n<\/div>\n<\/div>\n\n\n\n<h2 class=\"wp-block-heading has-text-align-center has-banner-title-font-size\" style=\"margin-top:25px;font-style:normal;font-weight:700;line-height:1.2\">Muchas personas, muchas almas, tu parroquia, un solo Se\u00f1or.<\/h2>\n\n\n\n<p class=\"has-text-align-center\" style=\"font-size:17px;line-height:1.5\">Peque\u00f1as aportaciones hacen posible que sigamos desarrollando nuestra acci\u00f3n pastoral y evangelizadora. \u00a1Contamos contigo!<\/p>\n\n\n\n<div class=\"wp-block-buttons is-content-justification-center is-layout-flex wp-container-core-buttons-is-layout-444da731 wp-block-buttons-is-layout-flex\" style=\"margin-top:30px\">\n<div class=\"wp-block-button is-style-outline is-style-outline--1\"><a class=\"wp-block-button__link has-merienda-font-font-family has-small-font-size has-custom-font-size wp-element-button\" href=\"https:\/\/www.donoamiiglesia.es\/san\/Home#!\/donar\/031d58ca-ed3e-e611-80e8-005056b101e1\" style=\"border-radius:0px;font-style:normal;font-weight:600;text-transform:uppercase\">\u00a1Dona!<\/a><\/div>\n<\/div>\n<\/div>\n<\/div>\n<\/div>\n<\/div><\/div>\n<\/div>\n","protected":false},"excerpt":{"rendered":"<p>Colabora econ\u00f3micamente con tu parroquia La comunidad sostiene a la comunidad. Muchas aportaciones de poca cantidad hace que sigamos adelante con nuestra tarea. Adem\u00e1s, puedes obtener numerosos beneficios fiscales como puedes observar en la imagen de la izquierda. Puedes hacerlo por tres medios: \u00a1\u00a1Gracias por tu generosidad!! \u00danete a nuestros grupos parroquiales Juntos formamos la [&hellip;]<\/p>\n","protected":false},"author":2,"featured_media":0,"parent":0,"menu_order":0,"comment_status":"closed","ping_status":"closed","template":"","meta":{"footnotes":""},"class_list":["post-45","page","type-page","status-publish","hentry"],"yoast_head":"<!-- This site is optimized with the Yoast SEO plugin v25.9 - https:\/\/yoast.com\/wordpress\/plugins\/seo\/ -->\n<title>Colabora - Parroquia de San Juan de \u00c1vila y Santa Teresa de Jes\u00fas<\/title>\n<meta name=\"robots\" content=\"index, follow, max-snippet:-1, max-image-preview:large, max-video-preview:-1\" \/>\n<link rel=\"canonical\" href=\"https:\/\/parroquiajuanyteresadeavila.es\/?page_id=45\" \/>\n<meta property=\"og:locale\" content=\"es_ES\" \/>\n<meta property=\"og:type\" content=\"article\" \/>\n<meta property=\"og:title\" content=\"Colabora - Parroquia de San Juan de \u00c1vila y Santa Teresa de Jes\u00fas\" \/>\n<meta property=\"og:description\" content=\"Colabora econ\u00f3micamente con tu parroquia La comunidad sostiene a la comunidad. Muchas aportaciones de poca cantidad hace que sigamos adelante con nuestra tarea. Adem\u00e1s, puedes obtener numerosos beneficios fiscales como puedes observar en la imagen de la izquierda. Puedes hacerlo por tres medios: \u00a1\u00a1Gracias por tu generosidad!! \u00danete a nuestros grupos parroquiales Juntos formamos la [&hellip;]\" \/>\n<meta property=\"og:url\" content=\"https:\/\/parroquiajuanyteresadeavila.es\/?page_id=45\" \/>\n<meta property=\"og:site_name\" content=\"Parroquia de San Juan de \u00c1vila y Santa Teresa de Jes\u00fas\" \/>\n<meta property=\"article:publisher\" content=\"https:\/\/www.facebook.com\/profile.php?id=61576048888953\" \/>\n<meta property=\"article:modified_time\" content=\"2025-06-25T22:24:36+00:00\" \/>\n<meta property=\"og:image\" content=\"https:\/\/parroquiajuanyteresadeavila.es\/wp-content\/uploads\/2025\/06\/ChatGPT-Image-25-jun-2025-23_30_08-1.png\" \/>\n<meta name=\"twitter:card\" content=\"summary_large_image\" \/>\n<meta name=\"twitter:label1\" content=\"Tiempo de lectura\" \/>\n\t<meta name=\"twitter:data1\" content=\"1 minuto\" \/>\n<script type=\"application\/ld+json\" class=\"yoast-schema-graph\">{\"@context\":\"https:\/\/schema.org\",\"@graph\":[{\"@type\":\"WebPage\",\"@id\":\"https:\/\/parroquiajuanyteresadeavila.es\/?page_id=45\",\"url\":\"https:\/\/parroquiajuanyteresadeavila.es\/?page_id=45\",\"name\":\"Colabora - Parroquia de San Juan de \u00c1vila y Santa Teresa de Jes\u00fas\",\"isPartOf\":{\"@id\":\"https:\/\/parroquiajuanyteresadeavila.es\/#website\"},\"primaryImageOfPage\":{\"@id\":\"https:\/\/parroquiajuanyteresadeavila.es\/?page_id=45#primaryimage\"},\"image\":{\"@id\":\"https:\/\/parroquiajuanyteresadeavila.es\/?page_id=45#primaryimage\"},\"thumbnailUrl\":\"https:\/\/parroquiajuanyteresadeavila.es\/wp-content\/uploads\/2025\/06\/ChatGPT-Image-25-jun-2025-23_30_08-1.png\",\"datePublished\":\"2025-06-16T11:11:56+00:00\",\"dateModified\":\"2025-06-25T22:24:36+00:00\",\"breadcrumb\":{\"@id\":\"https:\/\/parroquiajuanyteresadeavila.es\/?page_id=45#breadcrumb\"},\"inLanguage\":\"es\",\"potentialAction\":[{\"@type\":\"ReadAction\",\"target\":[\"https:\/\/parroquiajuanyteresadeavila.es\/?page_id=45\"]}]},{\"@type\":\"ImageObject\",\"inLanguage\":\"es\",\"@id\":\"https:\/\/parroquiajuanyteresadeavila.es\/?page_id=45#primaryimage\",\"url\":\"https:\/\/parroquiajuanyteresadeavila.es\/wp-content\/uploads\/2025\/06\/ChatGPT-Image-25-jun-2025-23_30_08-1.png\",\"contentUrl\":\"https:\/\/parroquiajuanyteresadeavila.es\/wp-content\/uploads\/2025\/06\/ChatGPT-Image-25-jun-2025-23_30_08-1.png\",\"width\":1024,\"height\":1024},{\"@type\":\"BreadcrumbList\",\"@id\":\"https:\/\/parroquiajuanyteresadeavila.es\/?page_id=45#breadcrumb\",\"itemListElement\":[{\"@type\":\"ListItem\",\"position\":1,\"name\":\"Portada\",\"item\":\"https:\/\/parroquiajuanyteresadeavila.es\/\"},{\"@type\":\"ListItem\",\"position\":2,\"name\":\"Colabora\"}]},{\"@type\":\"WebSite\",\"@id\":\"https:\/\/parroquiajuanyteresadeavila.es\/#website\",\"url\":\"https:\/\/parroquiajuanyteresadeavila.es\/\",\"name\":\"Parroquia de San Juan de \u00c1vila y Santa Teresa de Jes\u00fas\",\"description\":\"Parroquia de Las Fuentes en Zaragoza\",\"publisher\":{\"@id\":\"https:\/\/parroquiajuanyteresadeavila.es\/#organization\"},\"potentialAction\":[{\"@type\":\"SearchAction\",\"target\":{\"@type\":\"EntryPoint\",\"urlTemplate\":\"https:\/\/parroquiajuanyteresadeavila.es\/?s={search_term_string}\"},\"query-input\":{\"@type\":\"PropertyValueSpecification\",\"valueRequired\":true,\"valueName\":\"search_term_string\"}}],\"inLanguage\":\"es\"},{\"@type\":\"Organization\",\"@id\":\"https:\/\/parroquiajuanyteresadeavila.es\/#organization\",\"name\":\"Parroquia de San Juan de \u00c1vila y Santa Teresa de Jes\u00fas\",\"url\":\"https:\/\/parroquiajuanyteresadeavila.es\/\",\"logo\":{\"@type\":\"ImageObject\",\"inLanguage\":\"es\",\"@id\":\"https:\/\/parroquiajuanyteresadeavila.es\/#\/schema\/logo\/image\/\",\"url\":\"https:\/\/parroquiajuanyteresadeavila.es\/wp-content\/uploads\/2025\/06\/PHOTO-2025-05-13-11-39-43.jpg\",\"contentUrl\":\"https:\/\/parroquiajuanyteresadeavila.es\/wp-content\/uploads\/2025\/06\/PHOTO-2025-05-13-11-39-43.jpg\",\"width\":945,\"height\":928,\"caption\":\"Parroquia de San Juan de \u00c1vila y Santa Teresa de Jes\u00fas\"},\"image\":{\"@id\":\"https:\/\/parroquiajuanyteresadeavila.es\/#\/schema\/logo\/image\/\"},\"sameAs\":[\"https:\/\/www.facebook.com\/profile.php?id=61576048888953\"]}]}<\/script>\n<!-- \/ Yoast SEO plugin. -->","yoast_head_json":{"title":"Colabora - Parroquia de San Juan de \u00c1vila y Santa Teresa de Jes\u00fas","robots":{"index":"index","follow":"follow","max-snippet":"max-snippet:-1","max-image-preview":"max-image-preview:large","max-video-preview":"max-video-preview:-1"},"canonical":"https:\/\/parroquiajuanyteresadeavila.es\/?page_id=45","og_locale":"es_ES","og_type":"article","og_title":"Colabora - Parroquia de San Juan de \u00c1vila y Santa Teresa de Jes\u00fas","og_description":"Colabora econ\u00f3micamente con tu parroquia La comunidad sostiene a la comunidad. Muchas aportaciones de poca cantidad hace que sigamos adelante con nuestra tarea. Adem\u00e1s, puedes obtener numerosos beneficios fiscales como puedes observar en la imagen de la izquierda. Puedes hacerlo por tres medios: \u00a1\u00a1Gracias por tu generosidad!! \u00danete a nuestros grupos parroquiales Juntos formamos la [&hellip;]","og_url":"https:\/\/parroquiajuanyteresadeavila.es\/?page_id=45","og_site_name":"Parroquia de San Juan de \u00c1vila y Santa Teresa de Jes\u00fas","article_publisher":"https:\/\/www.facebook.com\/profile.php?id=61576048888953","article_modified_time":"2025-06-25T22:24:36+00:00","og_image":[{"url":"https:\/\/parroquiajuanyteresadeavila.es\/wp-content\/uploads\/2025\/06\/ChatGPT-Image-25-jun-2025-23_30_08-1.png","type":"","width":"","height":""}],"twitter_card":"summary_large_image","twitter_misc":{"Tiempo de lectura":"1 minuto"},"schema":{"@context":"https:\/\/schema.org","@graph":[{"@type":"WebPage","@id":"https:\/\/parroquiajuanyteresadeavila.es\/?page_id=45","url":"https:\/\/parroquiajuanyteresadeavila.es\/?page_id=45","name":"Colabora - Parroquia de San Juan de \u00c1vila y Santa Teresa de Jes\u00fas","isPartOf":{"@id":"https:\/\/parroquiajuanyteresadeavila.es\/#website"},"primaryImageOfPage":{"@id":"https:\/\/parroquiajuanyteresadeavila.es\/?page_id=45#primaryimage"},"image":{"@id":"https:\/\/parroquiajuanyteresadeavila.es\/?page_id=45#primaryimage"},"thumbnailUrl":"https:\/\/parroquiajuanyteresadeavila.es\/wp-content\/uploads\/2025\/06\/ChatGPT-Image-25-jun-2025-23_30_08-1.png","datePublished":"2025-06-16T11:11:56+00:00","dateModified":"2025-06-25T22:24:36+00:00","breadcrumb":{"@id":"https:\/\/parroquiajuanyteresadeavila.es\/?page_id=45#breadcrumb"},"inLanguage":"es","potentialAction":[{"@type":"ReadAction","target":["https:\/\/parroquiajuanyteresadeavila.es\/?page_id=45"]}]},{"@type":"ImageObject","inLanguage":"es","@id":"https:\/\/parroquiajuanyteresadeavila.es\/?page_id=45#primaryimage","url":"https:\/\/parroquiajuanyteresadeavila.es\/wp-content\/uploads\/2025\/06\/ChatGPT-Image-25-jun-2025-23_30_08-1.png","contentUrl":"https:\/\/parroquiajuanyteresadeavila.es\/wp-content\/uploads\/2025\/06\/ChatGPT-Image-25-jun-2025-23_30_08-1.png","width":1024,"height":1024},{"@type":"BreadcrumbList","@id":"https:\/\/parroquiajuanyteresadeavila.es\/?page_id=45#breadcrumb","itemListElement":[{"@type":"ListItem","position":1,"name":"Portada","item":"https:\/\/parroquiajuanyteresadeavila.es\/"},{"@type":"ListItem","position":2,"name":"Colabora"}]},{"@type":"WebSite","@id":"https:\/\/parroquiajuanyteresadeavila.es\/#website","url":"https:\/\/parroquiajuanyteresadeavila.es\/","name":"Parroquia de San Juan de \u00c1vila y Santa Teresa de Jes\u00fas","description":"Parroquia de Las Fuentes en Zaragoza","publisher":{"@id":"https:\/\/parroquiajuanyteresadeavila.es\/#organization"},"potentialAction":[{"@type":"SearchAction","target":{"@type":"EntryPoint","urlTemplate":"https:\/\/parroquiajuanyteresadeavila.es\/?s={search_term_string}"},"query-input":{"@type":"PropertyValueSpecification","valueRequired":true,"valueName":"search_term_string"}}],"inLanguage":"es"},{"@type":"Organization","@id":"https:\/\/parroquiajuanyteresadeavila.es\/#organization","name":"Parroquia de San Juan de \u00c1vila y Santa Teresa de Jes\u00fas","url":"https:\/\/parroquiajuanyteresadeavila.es\/","logo":{"@type":"ImageObject","inLanguage":"es","@id":"https:\/\/parroquiajuanyteresadeavila.es\/#\/schema\/logo\/image\/","url":"https:\/\/parroquiajuanyteresadeavila.es\/wp-content\/uploads\/2025\/06\/PHOTO-2025-05-13-11-39-43.jpg","contentUrl":"https:\/\/parroquiajuanyteresadeavila.es\/wp-content\/uploads\/2025\/06\/PHOTO-2025-05-13-11-39-43.jpg","width":945,"height":928,"caption":"Parroquia de San Juan de \u00c1vila y Santa Teresa de Jes\u00fas"},"image":{"@id":"https:\/\/parroquiajuanyteresadeavila.es\/#\/schema\/logo\/image\/"},"sameAs":["https:\/\/www.facebook.com\/profile.php?id=61576048888953"]}]}},"_links":{"self":[{"href":"https:\/\/parroquiajuanyteresadeavila.es\/index.php?rest_route=\/wp\/v2\/pages\/45","targetHints":{"allow":["GET"]}}],"collection":[{"href":"https:\/\/parroquiajuanyteresadeavila.es\/index.php?rest_route=\/wp\/v2\/pages"}],"about":[{"href":"https:\/\/parroquiajuanyteresadeavila.es\/index.php?rest_route=\/wp\/v2\/types\/page"}],"author":[{"embeddable":true,"href":"https:\/\/parroquiajuanyteresadeavila.es\/index.php?rest_route=\/wp\/v2\/users\/2"}],"replies":[{"embeddable":true,"href":"https:\/\/parroquiajuanyteresadeavila.es\/index.php?rest_route=%2Fwp%2Fv2%2Fcomments&post=45"}],"version-history":[{"count":17,"href":"https:\/\/parroquiajuanyteresadeavila.es\/index.php?rest_route=\/wp\/v2\/pages\/45\/revisions"}],"predecessor-version":[{"id":169,"href":"https:\/\/parroquiajuanyteresadeavila.es\/index.php?rest_route=\/wp\/v2\/pages\/45\/revisions\/169"}],"wp:attachment":[{"href":"https:\/\/parroquiajuanyteresadeavila.es\/index.php?rest_route=%2Fwp%2Fv2%2Fmedia&parent=45"}],"curies":[{"name":"wp","href":"https:\/\/api.w.org\/{rel}","templated":true}]}}