{"id":59,"date":"2025-06-16T11:33:05","date_gmt":"2025-06-16T11:33:05","guid":{"rendered":"https:\/\/parroquiajuanyteresadeavila.es\/?page_id=59"},"modified":"2025-06-16T20:48:51","modified_gmt":"2025-06-16T20:48:51","slug":"historia","status":"publish","type":"page","link":"https:\/\/parroquiajuanyteresadeavila.es\/?page_id=59","title":{"rendered":"Nuestra historia"},"content":{"rendered":"\n<p>El 30 de enero del pasado a\u00f1o, con las eucarist\u00edas presididas por nuestro&nbsp;Arzobispo, don Carlos Manuel Escribano Sub\u00edas, comenz\u00f3 la conmemoraci\u00f3n&nbsp;del 50 aniversario de la bendici\u00f3n de nuestro templo parroquial. Ahora, a punto de finalizar la&nbsp;eucarist\u00eda que, presidida por nuestro Vicario Episcopal don Gonzalo Gonzalvo Ezquerra, supondr\u00e1 la clausura de esta celebraci\u00f3n, queremos rese\u00f1ar lo que han significado estos 50 a\u00f1os en la historia de nuestra Parroquia y en la vida de muchos de nosotros.<\/p>\n\n\n\n<p>A principios de los a\u00f1os 70 esta zona del Barrio de las Fuentes empezaba a crecer. Faltaban muchas cosas y entre ellas alguna iglesia m\u00e1s que&nbsp;ofreciera servicios religiosos a los vecinos, en su mayor\u00eda j\u00f3venes y con ni\u00f1os peque\u00f1os. As\u00ed lo entendieron tambi\u00e9n en la Di\u00f3cesis, y el 1 de marzo de 1971 se erigieron dos nuevas parroquias, la de Santa Teresa de Jes\u00fas y la de San Juan de \u00c1vila, cada una con su propio p\u00e1rroco, don Jacinto Velasco Lazcorreta y don Antonio Bamb\u00f3 Marques\u00e1n, respectivamente, con un despacho&nbsp;com\u00fan en Salvador Minguij\u00f3n, pero celebrando sus cultos provisionalmente&nbsp;en las parroquias de Cristo Rey y de San Jos\u00e9 Artesano. Pronto comenzaron las obras para acondicionar estos locales de la calle Batalla de Lepanto y disponer del ansiado templo propio. Las obras fueron dirigidas por el propio don Antonio Bamb\u00f3, que era arquitecto t\u00e9cnico. El 29 de enero de 1972 tuvo lugar la bendici\u00f3n, oficiada por el entonces arzobispo don Pedro Cantero Cuadrado, y las dos parroquias utilizaron de manera conjunta la nueva iglesia. Finalmente, se produjo la fusi\u00f3n de ambas dando lugar a nuestra actual Parroquia de San Juan de \u00c1vila y Santa Teresa de Jes\u00fas.<\/p>\n\n\n\n<p>Ambos p\u00e1rrocos eran j\u00f3venes y con ganas de hacer muchas cosas. Trabajaron incansablemente por sus feligreses y por todos los vecinos del barrio y lo hicieron muy bien. Pensaron en la manera de poder llegar a todos, a los que se acercaban a la Parroquia y a los que no ten\u00edan costumbre de hacerlo, y crearon el reparto a domicilio de la Hoja Parroquial, en la que la \u00faltima p\u00e1gina, confeccionada por ambos sacerdotes, se dedicaba a informar de cuanto acontec\u00eda en la Parroquia y la labor que en ella se desarrollaba. Fue esta una tarea ardua, contando con un equipo organizador y un grupo de unos 60 mensajeros que la llevaban semanalmente a todo el que quisiera recibirla. Fue una buena labor acogida cordialmente por los receptores, y se consigui\u00f3 la suscripci\u00f3n de cuotas para ayudar en la financiaci\u00f3n de todas las actividades parroquiales.<\/p>\n\n\n\n<p>Estas visitas semanales permit\u00edan conocer la realidad del barrio y poder ofrecer tambi\u00e9n a los enfermos o personas que no pod\u00edan salir de casa, la ayuda del equipo de Pastoral de la Salud que tambi\u00e9n se cre\u00f3. Integrado por un numeroso grupo de se\u00f1oras, realizaban visitas tanto en sus domicilios como en residencias y centros sanitarios. Aunque su n\u00famero se ha visto&nbsp;notablemente reducido, en la actualidad sus integrantes siguen efectuando&nbsp;esa solidaria labor de acompa\u00f1amiento con mucho cari\u00f1o y dedicaci\u00f3n y, de vez en cuando, les llevan alg\u00fan detallito que reciben con mucha alegr\u00eda. La colaboraci\u00f3n de los ministros extraordinarios de la Comuni\u00f3n permite igualmente que reciban peri\u00f3dicamente el sacramento.<\/p>\n\n\n\n<p>Tambi\u00e9n se formaron grupos de catequistas pues, como hab\u00eda muchos ni\u00f1os, era necesaria su colaboraci\u00f3n para la preparaci\u00f3n a la primera comuni\u00f3n. Era gratificante ver a tantos j\u00f3venes involucrados y la armon\u00eda que hab\u00eda entre ellos, ya que incluso para la misa de los domingos de las doce y media, que era la de las familias, algunas catequistas estaban en el sal\u00f3n ofreciendo servicio de guarder\u00eda.<\/p>\n\n\n\n<p>Una de las cosas que en su momento funcion\u00f3 muy bien fue el Grupo de J\u00f3venes, que trabajaron mucho por la Parroquia, y tanto ellos como otros grupos de adultos, colaboraron con los sacerdotes para hacer posible los Kasantones. Don Antonio acondicion\u00f3 una casa familiar que ten\u00eda en Rasal, y ello permiti\u00f3 que ni\u00f1os de la parroquia pudieran disfrutar de colonias durante los veranos y pasarlo de maravilla en buena convivencia dentro de un ambiente familiar.<\/p>\n\n\n\n<p>Tambi\u00e9n formaron el Equipo del Rosario, que mes a mes se reun\u00eda a rezar con unos boletines que se recib\u00edan. Este grupo, aunque muy limitado ya en n\u00famero, se mantiene y cada d\u00eda se reza el Santo Rosario por las tardes, antes de la eucarist\u00eda.<\/p>\n\n\n\n<p>La parroquia emerg\u00eda y se form\u00f3 el Coro, que siempre ha enriquecido las eucarist\u00edas, sobre todo en las festividades importantes, como el d\u00eda de la&nbsp;Virgen del Pilar, Navidad, San Valero, Semana Santa, San Juan de \u00c1vila, Santa&nbsp;Teresa de Jes\u00fas, y otras celebraciones. Este grupo tambi\u00e9n se mantiene y hoy estamos teniendo ocasi\u00f3n de apreciar su esfuerzo y dedicaci\u00f3n.<\/p>\n\n\n\n<p>Durante muchos a\u00f1os, cada parroquia ten\u00eda su propio Equipo de C\u00e1ritas, y por ello tambi\u00e9n se cre\u00f3 en la nuestra, con un numeroso grupo de voluntarios que estudiaba los casos de nuestra zona. Contin\u00faan haciendo una gran labor que ahora se realiza en conjunto, a nivel de arciprestazgo.<\/p>\n\n\n\n<p>Otro grupo que se cre\u00f3 fue el de Manos Unidas que tambi\u00e9n ha colaborado mucho en la promoci\u00f3n y difusi\u00f3n de las campa\u00f1as que cada a\u00f1o cubren alguna necesidad en los pa\u00edses menos desarrollados. Adem\u00e1s, para la realizaci\u00f3n del tradicional rastrillo, paralizado desde la pandemia, un grupo de mujeres se dedicaban a recorrer los comercios del barrio solicitando la donaci\u00f3n de objetos y enseres de todo tipo para con su venta contribuir a que la recaudaci\u00f3n total permitiera la financiaci\u00f3n del proyecto que cada a\u00f1o se asum\u00eda en el arciprestazgo de Las Fuentes.<\/p>\n\n\n\n<p>El grupo de Carism\u00e1ticos se form\u00f3 igualmente hace muchos a\u00f1os, y semanalmente se reun\u00edan para hacer oraci\u00f3n y pedir por todas las necesidades. Tras la pandemia, la actividad de este grupo ha sido suspendida.<\/p>\n\n\n\n<p>Tambi\u00e9n tuvo actividad en la Parroquia un numeroso grupo de cursillistas, que los s\u00e1bados por la ma\u00f1ana se reun\u00edan para el encuentro con Dios y dar sentido a sus vidas. Rezaban el Rosario, y efectuaban el donativo que estimaban conveniente.<\/p>\n\n\n\n<p>All\u00e1 por los a\u00f1os 73 o 74, se cre\u00f3 la Escuela Hogar Interparroquial en colaboraci\u00f3n con otras parroquias del barrio, contando con la importante contribuci\u00f3n&nbsp;de la comunidad de las Hermanas Disc\u00edpulas de Jes\u00fas. La Escuela fue adquiriendo presencia y tuvo una gran relevancia, ya que permiti\u00f3 a muchos vecinos formarse y participar de las distintas actividades que se ofrec\u00edan, gracias tambi\u00e9n a la ayuda de la Obra Social de la CAI y de Acci\u00f3n Social Cat\u00f3lica.<\/p>\n\n\n\n<p>Durante muchos a\u00f1os hubo en la Parroquia un grupo de personas que, con don Jacinto, preparaban los cursillos para novios y tambi\u00e9n para el bautismo, que se impart\u00edan en el Sal\u00f3n parroquial o en la Escuela Hogar.<\/p>\n\n\n\n<p>Y claro, tambi\u00e9n hab\u00eda que limpiar el templo, y para ello se form\u00f3 el Equipo&nbsp;de limpieza. Un numeroso grupo de feligresas, en turnos semanales, se&nbsp;encargaba de limpiar la iglesia y el resto de instalaciones parroquiales, tarea que&nbsp;se sigue realizando con la participaci\u00f3n de algunas de las que empezaron&nbsp;entonces y de otras que se han ido sucediendo a lo largo de los a\u00f1os, porque el tiempo pasa para todos y las fuerzas f\u00edsicas se debilitan inexorablemente.<\/p>\n\n\n\n<p>As\u00ed caminamos durante muchos a\u00f1os y tanto los Sacerdotes como los feligreses nos hicimos mayores. Lleg\u00f3 un nuevo P\u00e1rroco, don Miguel \u00c1ngel Estella Mar\u00edn, con ganas de continuar con la labor que se hab\u00eda realizado y poder seguir creciendo. \u00c9l cre\u00f3 el Grupo de Matrimonios. Estuvo s\u00f3lo cuatro a\u00f1os, pero tambi\u00e9n dej\u00f3 huella y buenos recuerdos en la Parroquia.<\/p>\n\n\n\n<p>Le sigui\u00f3 como P\u00e1rroco don Carlos Palomero Nogueras, que tambi\u00e9n aport\u00f3 mucha alegr\u00eda, pues es un hombre joven y din\u00e1mico. Muy querido por todos, sigui\u00f3 en la misma l\u00ednea que sus antecesores, queriendo lo mejor para los feligreses. Como don Jacinto y don Antonio ya eran mayores, les transmit\u00eda un cari\u00f1o inmenso.<\/p>\n\n\n\n<p>En agosto de 2015 se incorpor\u00f3 como Vicario parroquial don Emilio Aznar Delcazo, que colabora en todo lo que concierne a la Parroquia, y que&nbsp;siempre est\u00e1 a disposici\u00f3n de los feligreses, coordinando tambi\u00e9n las reuniones&nbsp;del Grupo de Liturgia.<\/p>\n\n\n\n<p>En septiembre de 2017 lleg\u00f3 don Iv\u00e1n Noguera Castro, que es ahora nuestro P\u00e1rroco, y con \u00e9l hemos llegado a la celebraci\u00f3n de las bodas de oro de nuestra Parroquia y de la bendici\u00f3n del templo. Don Iv\u00e1n sigue en la l\u00ednea de sus antecesores, haci\u00e9ndonos sentir bien en la que consideramos como nuestra casa. A \u00e9l le est\u00e1 tocando conservar, reformar y renovar lo que el paso de los a\u00f1os ha ido deteriorando, adapt\u00e1ndolo todo a los nuevos tiempos. Tambi\u00e9n el edificio en su conjunto sufre el l\u00f3gico desgaste, que est\u00e1 ocasionando cuantiosas reparaciones y restauraciones.<\/p>\n\n\n\n<p>Los sacerdotes hicieron, y hacen, una muy buena labor. Con ellos realizamos peregrinaciones tanto a \u00c1vila, la cuna de Santa Teresa, como a Almod\u00f3var del Campo, que vio nacer a San Juan de \u00c1vila, y tambi\u00e9n a F\u00e1tima, Lourdes y Santiago de Compostela. Se efectuaron otras excursiones m\u00e1s l\u00fadicas, pero que nos enriquecieron mucho, siendo las \u00faltimas a Murcia y Caravaca de la Cruz, Aranjuez, Granada y Toledo, y finalmente a Sijena y la Cartuja de Nuestra Se\u00f1ora de las Fuentes, en los Monegros.<\/p>\n\n\n\n<p>Debemos estar, pues, muy agradecidos a todos los sacerdotes que nos han dirigido y acompa\u00f1ado en esta nuestra Parroquia. A pesar de ser peque\u00f1a y humilde, entre todos tenemos que seguir cosechando lo que ellos han ido sembrando en estos m\u00e1s de cincuenta a\u00f1os.<\/p>\n","protected":false},"excerpt":{"rendered":"<p>El 30 de enero del pasado a\u00f1o, con las eucarist\u00edas presididas por nuestro&nbsp;Arzobispo, don Carlos Manuel Escribano Sub\u00edas, comenz\u00f3 la conmemoraci\u00f3n&nbsp;del 50 aniversario de la bendici\u00f3n de nuestro templo parroquial. Ahora, a punto de finalizar la&nbsp;eucarist\u00eda que, presidida por nuestro Vicario Episcopal don Gonzalo Gonzalvo Ezquerra, supondr\u00e1 la clausura de esta celebraci\u00f3n, queremos rese\u00f1ar lo [&hellip;]<\/p>\n","protected":false},"author":2,"featured_media":0,"parent":0,"menu_order":0,"comment_status":"closed","ping_status":"closed","template":"","meta":{"footnotes":""},"class_list":["post-59","page","type-page","status-publish","hentry"],"yoast_head":"<!-- This site is optimized with the Yoast SEO plugin v25.9 - https:\/\/yoast.com\/wordpress\/plugins\/seo\/ -->\n<title>Nuestra historia - Parroquia de San Juan de \u00c1vila y Santa Teresa de Jes\u00fas<\/title>\n<meta name=\"robots\" content=\"index, follow, max-snippet:-1, max-image-preview:large, max-video-preview:-1\" \/>\n<link rel=\"canonical\" href=\"https:\/\/parroquiajuanyteresadeavila.es\/?page_id=59\" \/>\n<meta property=\"og:locale\" content=\"es_ES\" \/>\n<meta property=\"og:type\" content=\"article\" \/>\n<meta property=\"og:title\" content=\"Nuestra historia - Parroquia de San Juan de \u00c1vila y Santa Teresa de Jes\u00fas\" \/>\n<meta property=\"og:description\" content=\"El 30 de enero del pasado a\u00f1o, con las eucarist\u00edas presididas por nuestro&nbsp;Arzobispo, don Carlos Manuel Escribano Sub\u00edas, comenz\u00f3 la conmemoraci\u00f3n&nbsp;del 50 aniversario de la bendici\u00f3n de nuestro templo parroquial. Ahora, a punto de finalizar la&nbsp;eucarist\u00eda que, presidida por nuestro Vicario Episcopal don Gonzalo Gonzalvo Ezquerra, supondr\u00e1 la clausura de esta celebraci\u00f3n, queremos rese\u00f1ar lo [&hellip;]\" \/>\n<meta property=\"og:url\" content=\"https:\/\/parroquiajuanyteresadeavila.es\/?page_id=59\" \/>\n<meta property=\"og:site_name\" content=\"Parroquia de San Juan de \u00c1vila y Santa Teresa de Jes\u00fas\" \/>\n<meta property=\"article:publisher\" content=\"https:\/\/www.facebook.com\/profile.php?id=61576048888953\" \/>\n<meta property=\"article:modified_time\" content=\"2025-06-16T20:48:51+00:00\" \/>\n<meta name=\"twitter:card\" content=\"summary_large_image\" \/>\n<meta name=\"twitter:label1\" content=\"Tiempo de lectura\" \/>\n\t<meta name=\"twitter:data1\" content=\"9 minutos\" \/>\n<script type=\"application\/ld+json\" class=\"yoast-schema-graph\">{\"@context\":\"https:\/\/schema.org\",\"@graph\":[{\"@type\":\"WebPage\",\"@id\":\"https:\/\/parroquiajuanyteresadeavila.es\/?page_id=59\",\"url\":\"https:\/\/parroquiajuanyteresadeavila.es\/?page_id=59\",\"name\":\"Nuestra historia - Parroquia de San Juan de \u00c1vila y Santa Teresa de Jes\u00fas\",\"isPartOf\":{\"@id\":\"https:\/\/parroquiajuanyteresadeavila.es\/#website\"},\"datePublished\":\"2025-06-16T11:33:05+00:00\",\"dateModified\":\"2025-06-16T20:48:51+00:00\",\"breadcrumb\":{\"@id\":\"https:\/\/parroquiajuanyteresadeavila.es\/?page_id=59#breadcrumb\"},\"inLanguage\":\"es\",\"potentialAction\":[{\"@type\":\"ReadAction\",\"target\":[\"https:\/\/parroquiajuanyteresadeavila.es\/?page_id=59\"]}]},{\"@type\":\"BreadcrumbList\",\"@id\":\"https:\/\/parroquiajuanyteresadeavila.es\/?page_id=59#breadcrumb\",\"itemListElement\":[{\"@type\":\"ListItem\",\"position\":1,\"name\":\"Portada\",\"item\":\"https:\/\/parroquiajuanyteresadeavila.es\/\"},{\"@type\":\"ListItem\",\"position\":2,\"name\":\"Nuestra historia\"}]},{\"@type\":\"WebSite\",\"@id\":\"https:\/\/parroquiajuanyteresadeavila.es\/#website\",\"url\":\"https:\/\/parroquiajuanyteresadeavila.es\/\",\"name\":\"Parroquia de San Juan de \u00c1vila y Santa Teresa de Jes\u00fas\",\"description\":\"Parroquia de Las Fuentes en Zaragoza\",\"publisher\":{\"@id\":\"https:\/\/parroquiajuanyteresadeavila.es\/#organization\"},\"potentialAction\":[{\"@type\":\"SearchAction\",\"target\":{\"@type\":\"EntryPoint\",\"urlTemplate\":\"https:\/\/parroquiajuanyteresadeavila.es\/?s={search_term_string}\"},\"query-input\":{\"@type\":\"PropertyValueSpecification\",\"valueRequired\":true,\"valueName\":\"search_term_string\"}}],\"inLanguage\":\"es\"},{\"@type\":\"Organization\",\"@id\":\"https:\/\/parroquiajuanyteresadeavila.es\/#organization\",\"name\":\"Parroquia de San Juan de \u00c1vila y Santa Teresa de Jes\u00fas\",\"url\":\"https:\/\/parroquiajuanyteresadeavila.es\/\",\"logo\":{\"@type\":\"ImageObject\",\"inLanguage\":\"es\",\"@id\":\"https:\/\/parroquiajuanyteresadeavila.es\/#\/schema\/logo\/image\/\",\"url\":\"https:\/\/parroquiajuanyteresadeavila.es\/wp-content\/uploads\/2025\/06\/PHOTO-2025-05-13-11-39-43.jpg\",\"contentUrl\":\"https:\/\/parroquiajuanyteresadeavila.es\/wp-content\/uploads\/2025\/06\/PHOTO-2025-05-13-11-39-43.jpg\",\"width\":945,\"height\":928,\"caption\":\"Parroquia de San Juan de \u00c1vila y Santa Teresa de Jes\u00fas\"},\"image\":{\"@id\":\"https:\/\/parroquiajuanyteresadeavila.es\/#\/schema\/logo\/image\/\"},\"sameAs\":[\"https:\/\/www.facebook.com\/profile.php?id=61576048888953\"]}]}<\/script>\n<!-- \/ Yoast SEO plugin. -->","yoast_head_json":{"title":"Nuestra historia - Parroquia de San Juan de \u00c1vila y Santa Teresa de Jes\u00fas","robots":{"index":"index","follow":"follow","max-snippet":"max-snippet:-1","max-image-preview":"max-image-preview:large","max-video-preview":"max-video-preview:-1"},"canonical":"https:\/\/parroquiajuanyteresadeavila.es\/?page_id=59","og_locale":"es_ES","og_type":"article","og_title":"Nuestra historia - Parroquia de San Juan de \u00c1vila y Santa Teresa de Jes\u00fas","og_description":"El 30 de enero del pasado a\u00f1o, con las eucarist\u00edas presididas por nuestro&nbsp;Arzobispo, don Carlos Manuel Escribano Sub\u00edas, comenz\u00f3 la conmemoraci\u00f3n&nbsp;del 50 aniversario de la bendici\u00f3n de nuestro templo parroquial. Ahora, a punto de finalizar la&nbsp;eucarist\u00eda que, presidida por nuestro Vicario Episcopal don Gonzalo Gonzalvo Ezquerra, supondr\u00e1 la clausura de esta celebraci\u00f3n, queremos rese\u00f1ar lo [&hellip;]","og_url":"https:\/\/parroquiajuanyteresadeavila.es\/?page_id=59","og_site_name":"Parroquia de San Juan de \u00c1vila y Santa Teresa de Jes\u00fas","article_publisher":"https:\/\/www.facebook.com\/profile.php?id=61576048888953","article_modified_time":"2025-06-16T20:48:51+00:00","twitter_card":"summary_large_image","twitter_misc":{"Tiempo de lectura":"9 minutos"},"schema":{"@context":"https:\/\/schema.org","@graph":[{"@type":"WebPage","@id":"https:\/\/parroquiajuanyteresadeavila.es\/?page_id=59","url":"https:\/\/parroquiajuanyteresadeavila.es\/?page_id=59","name":"Nuestra historia - Parroquia de San Juan de \u00c1vila y Santa Teresa de Jes\u00fas","isPartOf":{"@id":"https:\/\/parroquiajuanyteresadeavila.es\/#website"},"datePublished":"2025-06-16T11:33:05+00:00","dateModified":"2025-06-16T20:48:51+00:00","breadcrumb":{"@id":"https:\/\/parroquiajuanyteresadeavila.es\/?page_id=59#breadcrumb"},"inLanguage":"es","potentialAction":[{"@type":"ReadAction","target":["https:\/\/parroquiajuanyteresadeavila.es\/?page_id=59"]}]},{"@type":"BreadcrumbList","@id":"https:\/\/parroquiajuanyteresadeavila.es\/?page_id=59#breadcrumb","itemListElement":[{"@type":"ListItem","position":1,"name":"Portada","item":"https:\/\/parroquiajuanyteresadeavila.es\/"},{"@type":"ListItem","position":2,"name":"Nuestra historia"}]},{"@type":"WebSite","@id":"https:\/\/parroquiajuanyteresadeavila.es\/#website","url":"https:\/\/parroquiajuanyteresadeavila.es\/","name":"Parroquia de San Juan de \u00c1vila y Santa Teresa de Jes\u00fas","description":"Parroquia de Las Fuentes en Zaragoza","publisher":{"@id":"https:\/\/parroquiajuanyteresadeavila.es\/#organization"},"potentialAction":[{"@type":"SearchAction","target":{"@type":"EntryPoint","urlTemplate":"https:\/\/parroquiajuanyteresadeavila.es\/?s={search_term_string}"},"query-input":{"@type":"PropertyValueSpecification","valueRequired":true,"valueName":"search_term_string"}}],"inLanguage":"es"},{"@type":"Organization","@id":"https:\/\/parroquiajuanyteresadeavila.es\/#organization","name":"Parroquia de San Juan de \u00c1vila y Santa Teresa de Jes\u00fas","url":"https:\/\/parroquiajuanyteresadeavila.es\/","logo":{"@type":"ImageObject","inLanguage":"es","@id":"https:\/\/parroquiajuanyteresadeavila.es\/#\/schema\/logo\/image\/","url":"https:\/\/parroquiajuanyteresadeavila.es\/wp-content\/uploads\/2025\/06\/PHOTO-2025-05-13-11-39-43.jpg","contentUrl":"https:\/\/parroquiajuanyteresadeavila.es\/wp-content\/uploads\/2025\/06\/PHOTO-2025-05-13-11-39-43.jpg","width":945,"height":928,"caption":"Parroquia de San Juan de \u00c1vila y Santa Teresa de Jes\u00fas"},"image":{"@id":"https:\/\/parroquiajuanyteresadeavila.es\/#\/schema\/logo\/image\/"},"sameAs":["https:\/\/www.facebook.com\/profile.php?id=61576048888953"]}]}},"_links":{"self":[{"href":"https:\/\/parroquiajuanyteresadeavila.es\/index.php?rest_route=\/wp\/v2\/pages\/59","targetHints":{"allow":["GET"]}}],"collection":[{"href":"https:\/\/parroquiajuanyteresadeavila.es\/index.php?rest_route=\/wp\/v2\/pages"}],"about":[{"href":"https:\/\/parroquiajuanyteresadeavila.es\/index.php?rest_route=\/wp\/v2\/types\/page"}],"author":[{"embeddable":true,"href":"https:\/\/parroquiajuanyteresadeavila.es\/index.php?rest_route=\/wp\/v2\/users\/2"}],"replies":[{"embeddable":true,"href":"https:\/\/parroquiajuanyteresadeavila.es\/index.php?rest_route=%2Fwp%2Fv2%2Fcomments&post=59"}],"version-history":[{"count":4,"href":"https:\/\/parroquiajuanyteresadeavila.es\/index.php?rest_route=\/wp\/v2\/pages\/59\/revisions"}],"predecessor-version":[{"id":75,"href":"https:\/\/parroquiajuanyteresadeavila.es\/index.php?rest_route=\/wp\/v2\/pages\/59\/revisions\/75"}],"wp:attachment":[{"href":"https:\/\/parroquiajuanyteresadeavila.es\/index.php?rest_route=%2Fwp%2Fv2%2Fmedia&parent=59"}],"curies":[{"name":"wp","href":"https:\/\/api.w.org\/{rel}","templated":true}]}}